{"id":461,"date":"2024-09-09T07:38:48","date_gmt":"2024-09-09T07:38:48","guid":{"rendered":"https:\/\/celticbro.ch\/?page_id=461"},"modified":"2025-12-17T14:53:19","modified_gmt":"2025-12-17T14:53:19","slug":"referenzen","status":"publish","type":"page","link":"https:\/\/celticbro.ch\/?page_id=461","title":{"rendered":"Referenzen"},"content":{"rendered":"<h3 class=\"title name mt-2 mb-1\">Das Highlight des Festes<\/h3>\n<div class=\"review-body description text-muted\">\n<p>Chris und Sean haben mit ihrer wunderbaren Musik den Auftakt in unser sch\u00f6nes Fest gemacht. Ihre unglaubliche Virtuosit\u00e4t, stimmungsvolle Lieder, ihr Humor und ihre Freude an der Musik haben alle beeindruckt. Vielen Dank!<\/p>\n<p>Magdalena In\u00e4bnit Weibel am 8. September 2024<\/p>\n<\/div>\n\n<script>\nvar zbPregResult = '0';\n<\/script>\n","protected":false},"excerpt":{"rendered":"<p>Das Highlight des Festes Chris und Sean haben mit ihrer wunderbaren Musik den Auftakt in unser sch\u00f6nes Fest gemacht. Ihre unglaubliche Virtuosit\u00e4t, stimmungsvolle Lieder, ihr Humor und ihre Freude an der Musik haben alle beeindruckt. Vielen Dank! Magdalena In\u00e4bnit Weibel am 8. September 2024<\/p>\n","protected":false},"author":1,"featured_media":0,"parent":0,"menu_order":0,"comment_status":"closed","ping_status":"closed","template":"","meta":{"om_disable_all_campaigns":false,"_monsterinsights_skip_tracking":false,"_monsterinsights_sitenote_active":false,"_monsterinsights_sitenote_note":"","_monsterinsights_sitenote_category":0,"ngg_post_thumbnail":0,"footnotes":""},"class_list":["post-461","page","type-page","status-publish","hentry"],"aioseo_notices":[],"_links":{"self":[{"href":"https:\/\/celticbro.ch\/index.php?rest_route=\/wp\/v2\/pages\/461","targetHints":{"allow":["GET"]}}],"collection":[{"href":"https:\/\/celticbro.ch\/index.php?rest_route=\/wp\/v2\/pages"}],"about":[{"href":"https:\/\/celticbro.ch\/index.php?rest_route=\/wp\/v2\/types\/page"}],"author":[{"embeddable":true,"href":"https:\/\/celticbro.ch\/index.php?rest_route=\/wp\/v2\/users\/1"}],"replies":[{"embeddable":true,"href":"https:\/\/celticbro.ch\/index.php?rest_route=%2Fwp%2Fv2%2Fcomments&post=461"}],"version-history":[{"count":2,"href":"https:\/\/celticbro.ch\/index.php?rest_route=\/wp\/v2\/pages\/461\/revisions"}],"predecessor-version":[{"id":499,"href":"https:\/\/celticbro.ch\/index.php?rest_route=\/wp\/v2\/pages\/461\/revisions\/499"}],"wp:attachment":[{"href":"https:\/\/celticbro.ch\/index.php?rest_route=%2Fwp%2Fv2%2Fmedia&parent=461"}],"curies":[{"name":"wp","href":"https:\/\/api.w.org\/{rel}","templated":true}]}}