{"id":32,"date":"2021-11-11T20:58:09","date_gmt":"2021-11-11T20:58:09","guid":{"rendered":"https:\/\/celticbro.ch\/?page_id=32"},"modified":"2025-12-17T14:44:58","modified_gmt":"2025-12-17T14:44:58","slug":"mariusz-chrzanowski","status":"publish","type":"page","link":"https:\/\/celticbro.ch\/?page_id=32","title":{"rendered":"Sean O&#8217;Neill"},"content":{"rendered":"<h3>Sean O&#8217;Neill<\/h3>\n<h5>Akkordeon, Gesang<\/h5>\n<pre><img loading=\"lazy\" decoding=\"async\" src=\"https:\/\/celticbro.ch\/wp-content\/uploads\/2021\/11\/244488650_4876127502417450_4514703369994530887_n-300x200.jpg\" alt=\"\" width=\"418\" height=\"278\"><\/pre>\n<p>Verheiratet, 2 Kinder, wohnhaft in Wabern bei Bern.<\/p>\n<p>Der polnisch-schweizerische Doppelb\u00fcrger Sean O&#8217;Neill begann seine musikalische Ausbildung in fr\u00fchen Jahren mit Klarinette, Akkordeon und Klavier.&nbsp; Seine Studien absolvierte er an der Musikakademie von F. Nowowiejski in Bydgoszcz: 1996-2001 an der Fakult\u00e4t f\u00fcr Dirigieren und Musikausbildung, 1999-2003 an der Fakult\u00e4t f\u00fcr Gesang und Schauspielkunst.<\/p>\n<p>Nach dem Gesangsstudium erwarb Chrzanowski noch das Diplom auf dem Akkordeon und auf der Klarinette (mit Auszeichnung als bester Absolvent). An der Universit\u00e4t von Bromberg war er darauf als Dozent fur Gesang tatig. Weitere Studien folgten in London und Holland bei James Mc Cray, Russel Hibberd, Neil McCenzie, Roberts Gareth, Ivar Gilhuus und Stephen Harris.<\/p>\n<p>Sean O&#8217;Neill besuchte auch mehrere internationale Opernkurse. Seit 2008 ist der Tenor am Konzert Theater Bern. Davor sang er an der Nationalen Reisopera in Enschede NL, am Stadttheater Osnabruck sowie an der Opera Nova in Bydgoszcz. Er wird international als gefragter Solist, mit einem breiten Repertoire, das klassisches Lied, Oper und Operette einschliesst, engagiert. Neben seiner s\u00e4ngerischen T\u00e4tigkeit ist der Tenor auch als Komponist von Sololiedern und Chormusik t\u00e4tig. Musiker und Komponist mit Ausbildung Diplomen in Komposition, Arrangement Chorleitung, Dirigieren und Piano, sp\u00e4ter in Gesang (Tenor), Akkordeon und Klarinette an der Musikhochschule in Bormberg, Polen.<\/p>\n<p>Weitere Studien folgten in London und Holland bei James Mc Cray, Russel Hibberd, Neil McCenzie, Roberts Gareth, Ivar Gilhuus und Stephen Harris.<br \/>\nSeit 2000 Mitglied polnische literarischen Gesellschaft.<br \/>\n2003 Organisator von Festival f\u00fcr Behinderte Kinder in Polen (Auszeichnung vom polnischen Pr\u00e4sident f\u00fcr Kompositionen f\u00fcr Behinderte)<br \/>\n2003 -2004 Dozent an der Musikakademie Kazimierz Wielki.<br \/>\n2004 Dozent f\u00fcr Gesang an der Universit\u00e4t in Bromberg.<br \/>\nSeit 2004 als komponiere ich Sololieder, Chor- und Instrumentalmusik klassisch, aber auch Klezmer (Berner Klezmer), Celtic Folk uns Alpenmusik. (u. a. Musik f\u00fcr Romeo and Julia f\u00fcr Theater).<br \/>\n2012-14 Leiter von Gesangtechnik an verschiedenen Ch\u00f6ren in Bern<br \/>\n2018 Projektleiter an der Musikschule Belp<br \/>\nAb 2008 Tenor am Konzert Theater Bern und seit einem Jahr Schweizer B\u00fcrger<\/p>\n\n<script>\nvar zbPregResult = '0';\n<\/script>\n","protected":false},"excerpt":{"rendered":"<p>Sean O&#8217;Neill Akkordeon, Gesang Verheiratet, 2 Kinder, wohnhaft in Wabern bei Bern. Der polnisch-schweizerische Doppelb\u00fcrger Sean O&#8217;Neill begann seine musikalische Ausbildung in fr\u00fchen Jahren mit Klarinette, Akkordeon und Klavier.&nbsp; Seine Studien absolvierte er an der Musikakademie von F. Nowowiejski in Bydgoszcz: 1996-2001 an der Fakult\u00e4t f\u00fcr Dirigieren und Musikausbildung, 1999-2003 an der Fakult\u00e4t f\u00fcr Gesang [&hellip;]<\/p>\n","protected":false},"author":1,"featured_media":0,"parent":0,"menu_order":0,"comment_status":"closed","ping_status":"closed","template":"","meta":{"om_disable_all_campaigns":false,"_monsterinsights_skip_tracking":false,"_monsterinsights_sitenote_active":false,"_monsterinsights_sitenote_note":"","_monsterinsights_sitenote_category":0,"ngg_post_thumbnail":0,"footnotes":""},"class_list":["post-32","page","type-page","status-publish","hentry"],"aioseo_notices":[],"_links":{"self":[{"href":"https:\/\/celticbro.ch\/index.php?rest_route=\/wp\/v2\/pages\/32","targetHints":{"allow":["GET"]}}],"collection":[{"href":"https:\/\/celticbro.ch\/index.php?rest_route=\/wp\/v2\/pages"}],"about":[{"href":"https:\/\/celticbro.ch\/index.php?rest_route=\/wp\/v2\/types\/page"}],"author":[{"embeddable":true,"href":"https:\/\/celticbro.ch\/index.php?rest_route=\/wp\/v2\/users\/1"}],"replies":[{"embeddable":true,"href":"https:\/\/celticbro.ch\/index.php?rest_route=%2Fwp%2Fv2%2Fcomments&post=32"}],"version-history":[{"count":16,"href":"https:\/\/celticbro.ch\/index.php?rest_route=\/wp\/v2\/pages\/32\/revisions"}],"predecessor-version":[{"id":494,"href":"https:\/\/celticbro.ch\/index.php?rest_route=\/wp\/v2\/pages\/32\/revisions\/494"}],"wp:attachment":[{"href":"https:\/\/celticbro.ch\/index.php?rest_route=%2Fwp%2Fv2%2Fmedia&parent=32"}],"curies":[{"name":"wp","href":"https:\/\/api.w.org\/{rel}","templated":true}]}}