{"id":21,"date":"2021-11-11T20:55:58","date_gmt":"2021-11-11T20:55:58","guid":{"rendered":"https:\/\/celticbro.ch\/?page_id=21"},"modified":"2025-06-19T08:18:00","modified_gmt":"2025-06-19T08:18:00","slug":"gallery","status":"publish","type":"page","link":"https:\/\/celticbro.ch\/?page_id=21","title":{"rendered":"Gallery"},"content":{"rendered":"<hr>\n<p><strong><em>CELTIC BRO,&nbsp;<\/em>Wabr\u00e4u Fyrabebier in Wabern, 9.10.20<\/strong><\/p>\nngg_shortcode_0_placeholder\n<hr>\n<p>Celtic Bro im Duo auf der \u00cele d&#8217;Ogoz FR<br \/>\nMariusz Chrzanowski: Pipe<br \/>\nChris Habegger: Pauke<\/p>\nngg_shortcode_1_placeholder\n<hr>\n<p><strong><em>CELTIC BRO,&nbsp;<\/em>Wabr\u00e4u Fyrabebier in Wabern, 22.4.22<\/strong><\/p>\nngg_shortcode_2_placeholder\n<hr>\n<p><strong><em>CELTIC BRO,&nbsp;<\/em>Wabr\u00e4u Fyrabebier in Wabern, 24.9.21<\/strong><\/p>\nngg_shortcode_3_placeholder\n<hr>\n<p><strong><em>CELTIC BRO,&nbsp;<\/em>Gartenkonzert in Ostermundigen, 20.09.20<br \/>\n<\/strong><\/p>\nngg_shortcode_4_placeholder\n<hr>\n<p><strong><em>CELTIC BRO, 19. August 23 an der irish Night am Klostersommer R\u00fceggisberg<\/em><\/strong><\/p>\nngg_shortcode_5_placeholder\n<hr>\n<p>&nbsp;<\/p>\n\n<script>\nvar zbPregResult = '0';\n<\/script>\n","protected":false},"excerpt":{"rendered":"<p>CELTIC BRO,&nbsp;Wabr\u00e4u Fyrabebier in Wabern, 9.10.20 Celtic Bro im Duo auf der \u00cele d&#8217;Ogoz FR Mariusz Chrzanowski: Pipe Chris Habegger: Pauke CELTIC BRO,&nbsp;Wabr\u00e4u Fyrabebier in Wabern, 22.4.22 CELTIC BRO,&nbsp;Wabr\u00e4u Fyrabebier in Wabern, 24.9.21 CELTIC BRO,&nbsp;Gartenkonzert in Ostermundigen, 20.09.20 CELTIC BRO, 19. August 23 an der irish Night am Klostersommer R\u00fceggisberg &nbsp;<\/p>\n","protected":false},"author":1,"featured_media":0,"parent":0,"menu_order":0,"comment_status":"closed","ping_status":"closed","template":"","meta":{"om_disable_all_campaigns":false,"_monsterinsights_skip_tracking":false,"_monsterinsights_sitenote_active":false,"_monsterinsights_sitenote_note":"","_monsterinsights_sitenote_category":0,"ngg_post_thumbnail":0,"footnotes":""},"class_list":["post-21","page","type-page","status-publish","hentry"],"aioseo_notices":[],"_links":{"self":[{"href":"https:\/\/celticbro.ch\/index.php?rest_route=\/wp\/v2\/pages\/21","targetHints":{"allow":["GET"]}}],"collection":[{"href":"https:\/\/celticbro.ch\/index.php?rest_route=\/wp\/v2\/pages"}],"about":[{"href":"https:\/\/celticbro.ch\/index.php?rest_route=\/wp\/v2\/types\/page"}],"author":[{"embeddable":true,"href":"https:\/\/celticbro.ch\/index.php?rest_route=\/wp\/v2\/users\/1"}],"replies":[{"embeddable":true,"href":"https:\/\/celticbro.ch\/index.php?rest_route=%2Fwp%2Fv2%2Fcomments&post=21"}],"version-history":[{"count":12,"href":"https:\/\/celticbro.ch\/index.php?rest_route=\/wp\/v2\/pages\/21\/revisions"}],"predecessor-version":[{"id":482,"href":"https:\/\/celticbro.ch\/index.php?rest_route=\/wp\/v2\/pages\/21\/revisions\/482"}],"wp:attachment":[{"href":"https:\/\/celticbro.ch\/index.php?rest_route=%2Fwp%2Fv2%2Fmedia&parent=21"}],"curies":[{"name":"wp","href":"https:\/\/api.w.org\/{rel}","templated":true}]}}