{"id":2,"date":"2021-11-07T15:14:33","date_gmt":"2021-11-07T15:14:33","guid":{"rendered":"https:\/\/celticbro.ch\/?page_id=2"},"modified":"2025-12-17T14:47:22","modified_gmt":"2025-12-17T14:47:22","slug":"sample-page","status":"publish","type":"page","link":"https:\/\/celticbro.ch\/","title":{"rendered":"HOME"},"content":{"rendered":"<h1>Celtic Bro<\/h1>\n<p>ist das Duo mit dem S\u00e4nger und Akkordeonisten <a href=\"https:\/\/celticbro.ch\/?page_id=32\">Sean O&#8217;Neill<\/a> und dem Fiddler <a href=\"https:\/\/celticbro.ch\/?page_id=34\">Chris Habegger<\/a>.<\/p>\n<p><img loading=\"lazy\" decoding=\"async\" class=\"wp-image-470 aligncenter\" src=\"https:\/\/celticbro.ch\/wp-content\/uploads\/2025\/05\/Fyrabebier_09.10_00039-1024x1024.jpg\" alt=\"\" width=\"619\" height=\"619\" srcset=\"https:\/\/celticbro.ch\/wp-content\/uploads\/2025\/05\/Fyrabebier_09.10_00039-1024x1024.jpg 1024w, https:\/\/celticbro.ch\/wp-content\/uploads\/2025\/05\/Fyrabebier_09.10_00039-300x300.jpg 300w, https:\/\/celticbro.ch\/wp-content\/uploads\/2025\/05\/Fyrabebier_09.10_00039-150x150.jpg 150w, https:\/\/celticbro.ch\/wp-content\/uploads\/2025\/05\/Fyrabebier_09.10_00039-768x768.jpg 768w, https:\/\/celticbro.ch\/wp-content\/uploads\/2025\/05\/Fyrabebier_09.10_00039-1536x1536.jpg 1536w, https:\/\/celticbro.ch\/wp-content\/uploads\/2025\/05\/Fyrabebier_09.10_00039-2048x2048.jpg 2048w, https:\/\/celticbro.ch\/wp-content\/uploads\/2025\/05\/Fyrabebier_09.10_00039-144x144.jpg 144w\" sizes=\"auto, (max-width: 619px) 100vw, 619px\" \/><\/p>\n<p>Celtic Bro ist ein irisches Folk-Duo, das f\u00fcr seine mitrei\u00dfende Musik und energiegeladenen Live-Auftritte bekannt ist. Das Duo kombiniert traditionelle irische Kl\u00e4nge mit Eigenkompositionen im keltischen Stil von <a href=\"https:\/\/celticbro.ch\/?page_id=32\">Mariusz Chrzanowski <\/a>und schafft so eine einzigartige und dynamische Musikrichtung. Mit ihren eing\u00e4ngigen Melodien und leidenschaftlichen Darbietungen f\u00fchlt sich ihr Publikum wie in einem Pub in Irland.<\/p>\n<p>Celtic Bro spielen<\/p>\n<ul>\n<li>traditionelle irische Jigs, Reels and Hornpipes und Lieder.<\/li>\n<li>Eigenkompositionen im keltischen Stil von Sean O&#8217;Neill.<\/li>\n<\/ul>\n<p>Celtic Bro spielen<\/p>\n<ul>\n<li>im Duo auch an Ihrem Festival, an Ihrem Anlass in ihrem Pub<\/li>\n<\/ul>\n<p>Celtic Bro<\/p>\n<ul>\n<li>ist die <a href=\"https:\/\/celticbro.ch\/?page_id=15\">CD<\/a> von Celtic Bro mit Eigenkompositionen von Sean O&#8217;Neill,<\/li>\n<\/ul>\n<p><img loading=\"lazy\" decoding=\"async\" class=\"aligncenter wp-image-11 size-medium\" src=\"https:\/\/celticbro.ch\/wp-content\/uploads\/2021\/11\/Cover.ai_-300x298.jpg\" alt=\"\" width=\"300\" height=\"298\" srcset=\"https:\/\/celticbro.ch\/wp-content\/uploads\/2021\/11\/Cover.ai_-300x298.jpg 300w, https:\/\/celticbro.ch\/wp-content\/uploads\/2021\/11\/Cover.ai_-1024x1018.jpg 1024w, https:\/\/celticbro.ch\/wp-content\/uploads\/2021\/11\/Cover.ai_-150x150.jpg 150w, https:\/\/celticbro.ch\/wp-content\/uploads\/2021\/11\/Cover.ai_-768x763.jpg 768w, https:\/\/celticbro.ch\/wp-content\/uploads\/2021\/11\/Cover.ai_.jpg 1428w\" sizes=\"auto, (max-width: 300px) 100vw, 300px\" \/><\/p>\n<p><strong><a href=\"https:\/\/celticbro.ch\/?page_id=15\">CD jetzt hier bestellen!<\/a><\/strong><\/p>\n\n<script>\nvar zbPregResult = '0';\n<\/script>\n","protected":false},"excerpt":{"rendered":"<p>Celtic Bro ist das Duo mit dem S\u00e4nger und Akkordeonisten Sean O&#8217;Neill und dem Fiddler Chris Habegger. Celtic Bro ist ein irisches Folk-Duo, das f\u00fcr seine mitrei\u00dfende Musik und energiegeladenen Live-Auftritte bekannt ist. Das Duo kombiniert traditionelle irische Kl\u00e4nge mit Eigenkompositionen im keltischen Stil von Mariusz Chrzanowski und schafft so eine einzigartige und dynamische Musikrichtung. [&hellip;]<\/p>\n","protected":false},"author":1,"featured_media":0,"parent":0,"menu_order":0,"comment_status":"closed","ping_status":"closed","template":"","meta":{"om_disable_all_campaigns":false,"_monsterinsights_skip_tracking":false,"_monsterinsights_sitenote_active":false,"_monsterinsights_sitenote_note":"","_monsterinsights_sitenote_category":0,"ngg_post_thumbnail":0,"footnotes":""},"class_list":["post-2","page","type-page","status-publish","hentry"],"aioseo_notices":[],"_links":{"self":[{"href":"https:\/\/celticbro.ch\/index.php?rest_route=\/wp\/v2\/pages\/2","targetHints":{"allow":["GET"]}}],"collection":[{"href":"https:\/\/celticbro.ch\/index.php?rest_route=\/wp\/v2\/pages"}],"about":[{"href":"https:\/\/celticbro.ch\/index.php?rest_route=\/wp\/v2\/types\/page"}],"author":[{"embeddable":true,"href":"https:\/\/celticbro.ch\/index.php?rest_route=\/wp\/v2\/users\/1"}],"replies":[{"embeddable":true,"href":"https:\/\/celticbro.ch\/index.php?rest_route=%2Fwp%2Fv2%2Fcomments&post=2"}],"version-history":[{"count":15,"href":"https:\/\/celticbro.ch\/index.php?rest_route=\/wp\/v2\/pages\/2\/revisions"}],"predecessor-version":[{"id":493,"href":"https:\/\/celticbro.ch\/index.php?rest_route=\/wp\/v2\/pages\/2\/revisions\/493"}],"wp:attachment":[{"href":"https:\/\/celticbro.ch\/index.php?rest_route=%2Fwp%2Fv2%2Fmedia&parent=2"}],"curies":[{"name":"wp","href":"https:\/\/api.w.org\/{rel}","templated":true}]}}