{"id":15,"date":"2021-11-11T20:55:19","date_gmt":"2021-11-11T20:55:19","guid":{"rendered":"https:\/\/celticbro.ch\/?page_id=15"},"modified":"2026-01-30T15:54:55","modified_gmt":"2026-01-30T15:54:55","slug":"cd","status":"publish","type":"page","link":"https:\/\/celticbro.ch\/?page_id=15","title":{"rendered":"CD-Shop"},"content":{"rendered":"<h1><strong><span style=\"font-size: 14pt;\">New CD out now!<\/span><\/strong><\/h1>\n<h1>Celtic Bro<\/h1>\n<p>27 Tracks Eigenkompositionen von Sean O&#8217;Neill im keltischen Stil. <img loading=\"lazy\" decoding=\"async\" class=\"size-medium wp-image-11 aligncenter\" src=\"https:\/\/celticbro.ch\/wp-content\/uploads\/2021\/11\/Cover.ai_-300x298.jpg\" alt=\"\" width=\"300\" height=\"298\" srcset=\"https:\/\/celticbro.ch\/wp-content\/uploads\/2021\/11\/Cover.ai_-300x298.jpg 300w, https:\/\/celticbro.ch\/wp-content\/uploads\/2021\/11\/Cover.ai_-1024x1018.jpg 1024w, https:\/\/celticbro.ch\/wp-content\/uploads\/2021\/11\/Cover.ai_-150x150.jpg 150w, https:\/\/celticbro.ch\/wp-content\/uploads\/2021\/11\/Cover.ai_-768x763.jpg 768w, https:\/\/celticbro.ch\/wp-content\/uploads\/2021\/11\/Cover.ai_.jpg 1428w\" sizes=\"auto, (max-width: 300px) 100vw, 300px\" \/><\/p>\n<table style=\"border-collapse: collapse; width: 100%;\">\n<tbody>\n<tr>\n<td style=\"width: 50%;\">\n<h3>1. Irish Echo 1<\/h3>\n<h3>2. Irish Echo 4<\/h3>\n<h3>3. Irish Echo 2<\/h3>\n<h3>4. Irish Whiskey 4<\/h3>\n<h3>5. Irish Whiskey 5<\/h3>\n<h3>6. Irish Whiskey 3<\/h3>\n<h3>7. Whistle Stories 1<\/h3>\n<h3>8. <div class=\"zbPlayer\">Irish Whiskey 6<br\/><embed width=\"500\" height=\"26\" wmode=\"transparent\" menu=\"false\" quality=\"high\" flashvars=\"loop=no&animation=yes&amp;playerID=zbPlayer&amp;initialvolume=60&amp;bg=E5E5E5&amp;leftbg=CCCCCC&amp;lefticon=333333&amp;voltrack=F2F2F2&amp;volslider=666666&amp;rightbg=B4B4B4&amp;rightbghover=999999&amp;righticon=333333&amp;righticonhover=FFFFFF&amp;loader=009900&amp;track=FFFFFF&amp;tracker=DDDDDD&amp;border=CCCCCC&amp;skip=666666&amp;text=333333&amp;titles=Irish+Whiskey+6&amp;encode=yes&amp;soundFile=aHR0cHM6Ly9jZWx0aWNicm8uY2gvd3AtY29udGVudC91cGxvYWRzLzIwMjEvMTEvMDgtOC1DRC1UcmFjay5tcDM&amp;autostart=no\" type=\"application\/x-shockwave-flash\" class=\"zbPlayerFlash\" src=\"https:\/\/celticbro.ch\/wp-content\/plugins\/zbplayer\/data\/player.swf\" id=\"zbPlayer\"\/><audio class=\"zbPlayerNative\" src=\"https:\/\/celticbro.ch\/wp-content\/uploads\/2021\/11\/08-8-CD-Track.mp3\" controls preload=\"metadata\"><\/audio><\/div>&nbsp;<\/h3>\n<h3>9. Old America<\/h3>\n<h3>10. Sailing Boat<\/h3>\n<h3>11. Whistle Stories 2<\/h3>\n<h3>12. <div class=\"zbPlayer\">Whistle Stories 3<br\/><embed width=\"500\" height=\"26\" wmode=\"transparent\" menu=\"false\" quality=\"high\" flashvars=\"loop=no&animation=yes&amp;playerID=zbPlayer&amp;initialvolume=60&amp;bg=E5E5E5&amp;leftbg=CCCCCC&amp;lefticon=333333&amp;voltrack=F2F2F2&amp;volslider=666666&amp;rightbg=B4B4B4&amp;rightbghover=999999&amp;righticon=333333&amp;righticonhover=FFFFFF&amp;loader=009900&amp;track=FFFFFF&amp;tracker=DDDDDD&amp;border=CCCCCC&amp;skip=666666&amp;text=333333&amp;titles=Whistle+Stories+3&amp;encode=yes&amp;soundFile=aHR0cHM6Ly9jZWx0aWNicm8uY2gvd3AtY29udGVudC91cGxvYWRzLzIwMjEvMTEvMTItMTItQ0QtVHJhY2subXAzA&amp;autostart=no\" type=\"application\/x-shockwave-flash\" class=\"zbPlayerFlash\" src=\"https:\/\/celticbro.ch\/wp-content\/plugins\/zbplayer\/data\/player.swf\" id=\"zbPlayer\"\/><audio class=\"zbPlayerNative\" src=\"https:\/\/celticbro.ch\/wp-content\/uploads\/2021\/11\/12-12-CD-Track.mp3\" controls preload=\"metadata\"><\/audio><\/div>&nbsp;<\/h3>\n<h3>13. <div class=\"zbPlayer\">Whistle Stories 4<br\/><embed width=\"500\" height=\"26\" wmode=\"transparent\" menu=\"false\" quality=\"high\" flashvars=\"loop=no&animation=yes&amp;playerID=zbPlayer&amp;initialvolume=60&amp;bg=E5E5E5&amp;leftbg=CCCCCC&amp;lefticon=333333&amp;voltrack=F2F2F2&amp;volslider=666666&amp;rightbg=B4B4B4&amp;rightbghover=999999&amp;righticon=333333&amp;righticonhover=FFFFFF&amp;loader=009900&amp;track=FFFFFF&amp;tracker=DDDDDD&amp;border=CCCCCC&amp;skip=666666&amp;text=333333&amp;titles=Whistle+Stories+4&amp;encode=yes&amp;soundFile=aHR0cHM6Ly9jZWx0aWNicm8uY2gvd3AtY29udGVudC91cGxvYWRzLzIwMjEvMTEvMTMtMTMtQ0QtVHJhY2subXAzA&amp;autostart=no\" type=\"application\/x-shockwave-flash\" class=\"zbPlayerFlash\" src=\"https:\/\/celticbro.ch\/wp-content\/plugins\/zbplayer\/data\/player.swf\" id=\"zbPlayer\"\/><audio class=\"zbPlayerNative\" src=\"https:\/\/celticbro.ch\/wp-content\/uploads\/2021\/11\/13-13-CD-Track.mp3\" controls preload=\"metadata\"><\/audio><\/div>&nbsp;<\/h3>\n<h3>14. <div class=\"zbPlayer\">Whistle Stories 5<br\/><embed width=\"500\" height=\"26\" wmode=\"transparent\" menu=\"false\" quality=\"high\" flashvars=\"loop=no&animation=yes&amp;playerID=zbPlayer&amp;initialvolume=60&amp;bg=E5E5E5&amp;leftbg=CCCCCC&amp;lefticon=333333&amp;voltrack=F2F2F2&amp;volslider=666666&amp;rightbg=B4B4B4&amp;rightbghover=999999&amp;righticon=333333&amp;righticonhover=FFFFFF&amp;loader=009900&amp;track=FFFFFF&amp;tracker=DDDDDD&amp;border=CCCCCC&amp;skip=666666&amp;text=333333&amp;titles=Whistle+Stories+5&amp;encode=yes&amp;soundFile=aHR0cHM6Ly9jZWx0aWNicm8uY2gvd3AtY29udGVudC91cGxvYWRzLzIwMjEvMTEvMTQtMTQtQ0QtVHJhY2subXAzA&amp;autostart=no\" type=\"application\/x-shockwave-flash\" class=\"zbPlayerFlash\" src=\"https:\/\/celticbro.ch\/wp-content\/plugins\/zbplayer\/data\/player.swf\" id=\"zbPlayer\"\/><audio class=\"zbPlayerNative\" src=\"https:\/\/celticbro.ch\/wp-content\/uploads\/2021\/11\/14-14-CD-Track.mp3\" controls preload=\"metadata\"><\/audio><\/div>&nbsp;<\/h3>\n<\/td>\n<td style=\"width: 50%;\">\n<h3>15. A Rainy Night<\/h3>\n<h3>16. Castle of Devil<\/h3>\n<h3>17. Irish Echo 3<\/h3>\n<h3>18. Irish Echo 5<\/h3>\n<h3>19. Irish Echo 6<\/h3>\n<h3>20. Irish Echo 7<\/h3>\n<h3>21. <div class=\"zbPlayer\">Irish Echo 8<br\/><embed width=\"500\" height=\"26\" wmode=\"transparent\" menu=\"false\" quality=\"high\" flashvars=\"loop=no&animation=yes&amp;playerID=zbPlayer&amp;initialvolume=60&amp;bg=E5E5E5&amp;leftbg=CCCCCC&amp;lefticon=333333&amp;voltrack=F2F2F2&amp;volslider=666666&amp;rightbg=B4B4B4&amp;rightbghover=999999&amp;righticon=333333&amp;righticonhover=FFFFFF&amp;loader=009900&amp;track=FFFFFF&amp;tracker=DDDDDD&amp;border=CCCCCC&amp;skip=666666&amp;text=333333&amp;titles=Irish+Echo+8&amp;encode=yes&amp;soundFile=aHR0cHM6Ly9jZWx0aWNicm8uY2gvd3AtY29udGVudC91cGxvYWRzLzIwMjEvMTEvMjEtMjEtQ0QtVHJhY2subXAzA&amp;autostart=no\" type=\"application\/x-shockwave-flash\" class=\"zbPlayerFlash\" src=\"https:\/\/celticbro.ch\/wp-content\/plugins\/zbplayer\/data\/player.swf\" id=\"zbPlayer\"\/><audio class=\"zbPlayerNative\" src=\"https:\/\/celticbro.ch\/wp-content\/uploads\/2021\/11\/21-21-CD-Track.mp3\" controls preload=\"metadata\"><\/audio><\/div>&nbsp;<\/h3>\n<h3>22. Irish Echo 9<\/h3>\n<h3>23. Irish Whiskey 1<\/h3>\n<h3>24. Irish Whiskey 2<\/h3>\n<h3>25. Battle of Eagle<\/h3>\n<h3>26. <div class=\"zbPlayer\">Whiskey<br\/><embed width=\"500\" height=\"26\" wmode=\"transparent\" menu=\"false\" quality=\"high\" flashvars=\"loop=no&animation=yes&amp;playerID=zbPlayer&amp;initialvolume=60&amp;bg=E5E5E5&amp;leftbg=CCCCCC&amp;lefticon=333333&amp;voltrack=F2F2F2&amp;volslider=666666&amp;rightbg=B4B4B4&amp;rightbghover=999999&amp;righticon=333333&amp;righticonhover=FFFFFF&amp;loader=009900&amp;track=FFFFFF&amp;tracker=DDDDDD&amp;border=CCCCCC&amp;skip=666666&amp;text=333333&amp;titles=Whiskey&amp;encode=yes&amp;soundFile=aHR0cHM6Ly9jZWx0aWNicm8uY2gvd3AtY29udGVudC91cGxvYWRzLzIwMjEvMTEvMjYtMjYtQ0QtVHJhY2subXAzA&amp;autostart=no\" type=\"application\/x-shockwave-flash\" class=\"zbPlayerFlash\" src=\"https:\/\/celticbro.ch\/wp-content\/plugins\/zbplayer\/data\/player.swf\" id=\"zbPlayer\"\/><audio class=\"zbPlayerNative\" src=\"https:\/\/celticbro.ch\/wp-content\/uploads\/2021\/11\/26-26-CD-Track.mp3\" controls preload=\"metadata\"><\/audio><\/div>&nbsp;<\/h3>\n<h3>27. Dream<\/h3>\n<\/td>\n<\/tr>\n<\/tbody>\n<\/table>\n<p><em>Gesang\/Akkordeon\/<\/em><em>Komposition<\/em>: Sean O&#8217;Neill<\/p>\n<p><em>Violine\/Viola\/Mandoline<\/em>: Chris Habegger<br \/>\n<em>Kaval\/Percussion<\/em>: Plamen Petrov<br \/>\n<em>Gitarre<\/em>: Luiz Carillo<br \/>\n<em>Kontrabass<\/em>: Peter Livers<br \/>\n<em>Bodhran\/Percussion<\/em>: Roland Br\u00fcttel<br \/>\n<em>Aufnahme<\/em>: 12.\/13. Juni 2021 in Ostermundigen<br \/>\n<em>Technik<\/em>: Philippe Schneeberger<br \/>\n<em>Mix\/Mastering<\/em>: Urs Haller<\/p>\n<table style=\"border-collapse: collapse; width: 100%; height: 119px;\">\n<tbody>\n<tr style=\"height: 119px;\">\n<td style=\"width: 38.2273%; height: 119px;\">Besten Dank f\u00fcr die Unterst\u00fctzung an: Burgergemende Bern Gemeinde K\u00f6niz Kanton Bern<\/td>\n<td style=\"width: 61.7727%; height: 119px;\"><img loading=\"lazy\" decoding=\"async\" class=\"alignnone wp-image-68\" src=\"https:\/\/celticbro.ch\/wp-content\/uploads\/2021\/11\/BGB_Logo_Print_S-300x113.jpg\" alt=\"\" width=\"155\" height=\"67\"> <img loading=\"lazy\" decoding=\"async\" class=\"alignnone wp-image-67\" src=\"https:\/\/celticbro.ch\/wp-content\/uploads\/2021\/11\/logo-Koeniz-300x142.jpg\" alt=\"\" width=\"111\" height=\"54\" srcset=\"https:\/\/celticbro.ch\/wp-content\/uploads\/2021\/11\/logo-Koeniz-300x142.jpg 300w, https:\/\/celticbro.ch\/wp-content\/uploads\/2021\/11\/logo-Koeniz-1024x485.jpg 1024w, https:\/\/celticbro.ch\/wp-content\/uploads\/2021\/11\/logo-Koeniz-768x364.jpg 768w, https:\/\/celticbro.ch\/wp-content\/uploads\/2021\/11\/logo-Koeniz-1536x728.jpg 1536w, https:\/\/celticbro.ch\/wp-content\/uploads\/2021\/11\/logo-Koeniz-2048x970.jpg 2048w\" sizes=\"auto, (max-width: 111px) 100vw, 111px\" \/><img loading=\"lazy\" decoding=\"async\" class=\"alignnone wp-image-279\" src=\"https:\/\/celticbro.ch\/wp-content\/uploads\/2021\/12\/SL_KtBE_Kultur_d_4f-300x110.jpg\" alt=\"\" width=\"147\" height=\"55\" srcset=\"https:\/\/celticbro.ch\/wp-content\/uploads\/2021\/12\/SL_KtBE_Kultur_d_4f-300x110.jpg 300w, https:\/\/celticbro.ch\/wp-content\/uploads\/2021\/12\/SL_KtBE_Kultur_d_4f-1024x377.jpg 1024w, https:\/\/celticbro.ch\/wp-content\/uploads\/2021\/12\/SL_KtBE_Kultur_d_4f-768x283.jpg 768w, https:\/\/celticbro.ch\/wp-content\/uploads\/2021\/12\/SL_KtBE_Kultur_d_4f-1536x565.jpg 1536w, https:\/\/celticbro.ch\/wp-content\/uploads\/2021\/12\/SL_KtBE_Kultur_d_4f.jpg 1589w\" sizes=\"auto, (max-width: 147px) 100vw, 147px\" \/><\/td>\n<\/tr>\n<\/tbody>\n<\/table>\n<h3>CD Celtic Bro oder Notenbuch bestellen:<\/h3>\n\n<div class=\"wpcf7 no-js\" id=\"wpcf7-f4-o1\" lang=\"de-DE\" dir=\"ltr\" data-wpcf7-id=\"4\">\n<div class=\"screen-reader-response\"><p role=\"status\" aria-live=\"polite\" aria-atomic=\"true\"><\/p> <ul><\/ul><\/div>\n<form action=\"\/index.php?rest_route=%2Fwp%2Fv2%2Fpages%2F15#wpcf7-f4-o1\" method=\"post\" class=\"wpcf7-form init\" aria-label=\"Kontaktformular\" novalidate=\"novalidate\" data-status=\"init\">\n<fieldset class=\"hidden-fields-container\"><input type=\"hidden\" name=\"_wpcf7\" value=\"4\" \/><input type=\"hidden\" name=\"_wpcf7_version\" value=\"6.1.5\" \/><input type=\"hidden\" name=\"_wpcf7_locale\" value=\"de_DE\" \/><input type=\"hidden\" name=\"_wpcf7_unit_tag\" value=\"wpcf7-f4-o1\" \/><input type=\"hidden\" name=\"_wpcf7_container_post\" value=\"0\" \/><input type=\"hidden\" name=\"_wpcf7_posted_data_hash\" value=\"\" \/>\n<\/fieldset>\n<p><span class=\"wpcf7-form-control-wrap\" data-name=\"Celtic-Bro-CD\"><select class=\"wpcf7-form-control wpcf7-select\" aria-invalid=\"false\" name=\"Celtic-Bro-CD\"><option value=\"\">&#8211; Bitte ausw\u00e4hlen &#8211;<\/option><option value=\"1\">1<\/option><option value=\"2\">2<\/option><option value=\"3\">3<\/option><option value=\"4\">4<\/option><option value=\"5\">5<\/option><\/select><\/span> CD \u00e0 Fr 20.-- (+ Porto und Versand)\n<\/p>\n<p><span class=\"wpcf7-form-control-wrap\" data-name=\"Wave\"><select class=\"wpcf7-form-control wpcf7-select\" aria-invalid=\"false\" name=\"Wave\"><option value=\"\">&#8211; Bitte ausw\u00e4hlen &#8211;<\/option><option value=\"1\">1<\/option><\/select><\/span> link als Wave oder mp3 Fr 10.-\n<\/p>\n<p><span class=\"wpcf7-form-control-wrap\" data-name=\"Notenbuch\"><select class=\"wpcf7-form-control wpcf7-select\" aria-invalid=\"false\" name=\"Notenbuch\"><option value=\"\">&#8211; Bitte ausw\u00e4hlen &#8211;<\/option><option value=\"1\">1<\/option><option value=\"2\">2<\/option><option value=\"3\">3<\/option><\/select><\/span> Irish Composition Book of the Composer Sean O'Neill als Download 10 euro\n<\/p>\n<p><label> Ihr Name (Pflichtfeld)<br \/>\n<span class=\"wpcf7-form-control-wrap\" data-name=\"your-name\"><input size=\"40\" maxlength=\"400\" class=\"wpcf7-form-control wpcf7-text wpcf7-validates-as-required\" aria-required=\"true\" aria-invalid=\"false\" value=\"\" type=\"text\" name=\"your-name\" \/><\/span> <\/label>\n<\/p>\n<p><label> Ihre Strasse(Pflichtfeld)<br \/>\n<span class=\"wpcf7-form-control-wrap\" data-name=\"your-street\"><input size=\"40\" maxlength=\"400\" class=\"wpcf7-form-control wpcf7-text wpcf7-validates-as-required\" aria-required=\"true\" aria-invalid=\"false\" value=\"\" type=\"text\" name=\"your-street\" \/><\/span> <\/label>\n<\/p>\n<p><label> Ihre PLZ (Pflichtfeld)<br \/>\n<span class=\"wpcf7-form-control-wrap\" data-name=\"your-PLZ\"><input size=\"40\" maxlength=\"400\" class=\"wpcf7-form-control wpcf7-text wpcf7-validates-as-required\" aria-required=\"true\" aria-invalid=\"false\" value=\"\" type=\"text\" name=\"your-PLZ\" \/><\/span> <\/label>\n<\/p>\n<p><label> Ihr Ort(Pflichtfeld)<br \/>\n<span class=\"wpcf7-form-control-wrap\" data-name=\"your-ort\"><input size=\"40\" maxlength=\"400\" class=\"wpcf7-form-control wpcf7-text wpcf7-validates-as-required\" aria-required=\"true\" aria-invalid=\"false\" value=\"\" type=\"text\" name=\"your-ort\" \/><\/span> <\/label>\n<\/p>\n<p><label> Ihre E-Mail-Adresse (Pflichtfeld)<br \/>\n<span class=\"wpcf7-form-control-wrap\" data-name=\"your-email\"><input size=\"40\" maxlength=\"400\" class=\"wpcf7-form-control wpcf7-text wpcf7-validates-as-required\" aria-required=\"true\" aria-invalid=\"false\" value=\"\" type=\"text\" name=\"your-email\" \/><\/span> <\/label>\n<\/p>\n<p><label> Ihre Nachricht<br \/>\n<span class=\"wpcf7-form-control-wrap\" data-name=\"your-message\"><textarea cols=\"40\" rows=\"10\" maxlength=\"2000\" class=\"wpcf7-form-control wpcf7-textarea\" aria-invalid=\"false\" name=\"your-message\"><\/textarea><\/span> <\/label>\n<\/p>\n<p><input class=\"wpcf7-form-control wpcf7-submit has-spinner\" type=\"submit\" value=\"Senden\" \/>\n<\/p><div class=\"wpcf7-response-output\" aria-hidden=\"true\"><\/div>\n<\/form>\n<\/div>\n\n<h3>&nbsp;<\/h3>\n\n<script>\nvar zbPregResult = '0';\n<\/script>\n","protected":false},"excerpt":{"rendered":"<p>New CD out now! Celtic Bro 27 Tracks Eigenkompositionen von Sean O&#8217;Neill im keltischen Stil. 1. Irish Echo 1 2. Irish Echo 4 3. Irish Echo 2 4. Irish Whiskey 4 5. Irish Whiskey 5 6. Irish Whiskey 3 7. Whistle Stories 1 8. Irish Whiskey 6&nbsp; 9. Old America 10. Sailing Boat 11. Whistle [&hellip;]<\/p>\n","protected":false},"author":1,"featured_media":0,"parent":0,"menu_order":0,"comment_status":"closed","ping_status":"closed","template":"","meta":{"om_disable_all_campaigns":false,"_monsterinsights_skip_tracking":false,"_monsterinsights_sitenote_active":false,"_monsterinsights_sitenote_note":"","_monsterinsights_sitenote_category":0,"ngg_post_thumbnail":0,"footnotes":""},"class_list":["post-15","page","type-page","status-publish","hentry"],"aioseo_notices":[],"_links":{"self":[{"href":"https:\/\/celticbro.ch\/index.php?rest_route=\/wp\/v2\/pages\/15","targetHints":{"allow":["GET"]}}],"collection":[{"href":"https:\/\/celticbro.ch\/index.php?rest_route=\/wp\/v2\/pages"}],"about":[{"href":"https:\/\/celticbro.ch\/index.php?rest_route=\/wp\/v2\/types\/page"}],"author":[{"embeddable":true,"href":"https:\/\/celticbro.ch\/index.php?rest_route=\/wp\/v2\/users\/1"}],"replies":[{"embeddable":true,"href":"https:\/\/celticbro.ch\/index.php?rest_route=%2Fwp%2Fv2%2Fcomments&post=15"}],"version-history":[{"count":38,"href":"https:\/\/celticbro.ch\/index.php?rest_route=\/wp\/v2\/pages\/15\/revisions"}],"predecessor-version":[{"id":503,"href":"https:\/\/celticbro.ch\/index.php?rest_route=\/wp\/v2\/pages\/15\/revisions\/503"}],"wp:attachment":[{"href":"https:\/\/celticbro.ch\/index.php?rest_route=%2Fwp%2Fv2%2Fmedia&parent=15"}],"curies":[{"name":"wp","href":"https:\/\/api.w.org\/{rel}","templated":true}]}}